{"id":42,"date":"2019-05-17T04:10:26","date_gmt":"2019-05-17T04:10:26","guid":{"rendered":"https:\/\/demo.farost.net\/senotina\/?page_id=42"},"modified":"2021-09-03T09:45:44","modified_gmt":"2021-09-03T09:45:44","slug":"about-us","status":"publish","type":"page","link":"https:\/\/latreizieme.com\/?page_id=42","title":{"rendered":"A propos de nous"},"content":{"rendered":"<p>[vc_row full_width=&#8221;stretch_row&#8221; parallax=&#8221;content-moving&#8221; parallax_image=&#8221;1000&#8243; parallax_speed_bg=&#8221;1.1&#8243;][vc_column css=&#8221;.vc_custom_1565852493842{padding-top: 0px !important;}&#8221;][cms_space space_lg=&#8221;102&#8243; space_md=&#8221;102&#8243; space_sm=&#8221;80&#8243; space_xs=&#8221;60&#8243;][vc_row_inner][vc_column_inner width=&#8221;1\/2&#8243; cms_column_inner_class=&#8221;rm-padding-lg&#8221; css=&#8221;.vc_custom_1565853714253{padding-right: 30px !important;}&#8221;][cms_heading text=&#8221;Le luxe  \u00e0 l\u2019africaine au c\u0153ur de Kinshasa&#8221; letter_spacing=&#8221;0.03em&#8221; sub_font_size=&#8221;15&#8243; sub_color=&#8221;#777777&#8243; sub_line_height=&#8221;26&#8243; description=&#8221;Gr\u00e2ce \u00e0 243 Congo Entreprise via sa filiale T&#038;T, qui met \u00e0 votre service La 13\u00e8me. Un h\u00f4tel \u00e0 boutique de 4 niveaux et 29 chambres  d\u00e9cor\u00e9es par des tableaux des peintres Congolais et Africains, 4 suites  climatis\u00e9es avec literie haut de gamme, salle de bain priv\u00e9e et acc\u00e8s wifi gratuit , il vous offre tout le confort moderne. Pour votre d\u00e9tente, notre h\u00f4tel dispose d\u2019une terrasse externe et interne au quatri\u00e8me niveau,  d\u2019une salle de fitness ( salle de sport),d\u2019un spa et d\u2019un restaurant au rez de chauss\u00e9e  avec un  menu africain.  D\u00e8s votre entr\u00e9e , dans notre espace, nous vous r\u00e9servons un accueil chaleureux et digne de ce nom.<br \/>\nNotre \u00e9difice compte 5 salles de r\u00e9union d\u2019affaires et autres programmes. Nous mettons \u00e0 votre disposition un salon de coiffure mixte avec un service de  massage, p\u00e9dicure, manucure et soins de visage. Un parking s\u00e9curis\u00e9 ainsi qu\u2019un groupe \u00e9lectrog\u00e8ne pour prendre le relais en cas de coupure \u00e9lectrique.  Des cam\u00e9ras de s\u00e9curit\u00e9 sont fix\u00e9es partout dans l\u2019h\u00f4tel  afin d\u2019assurer votre protection.&#8221; des_margin_bottom=&#8221;20&#8243; cms_template=&#8221;cms_heading&#8211;layout3.php&#8221; margin_bottom=&#8221;37&#8243;][cms_textbox textbox_mg_button=&#8221;49&#8243; font_weight=&#8221;400&#8243; text_box=&#8221;Make memories at Senotina hotel, Amelia Island, where southern charm, magnificent scenery and casually elegant surroundings exemplify the gentle ambience of this barrier island\u2019s luxury beachfront resort.&#8221;][cms_button button_text=&#8221;read more&#8221; button_link=&#8221;url:%23|||&#8221; text_transform=&#8221;uppercase&#8221; button_color=&#8221;#ffffff&#8221; border_color=&#8221;#222222&#8243; bg_button_color=&#8221;#222222&#8243; bg_color_hover=&#8221;#c5a46d&#8221; text_color_hover=&#8221;#ffffff&#8221; font_weight=&#8221;400&#8243; font_size=&#8221;13&#8243; padding_right=&#8221;37&#8243; padding_left=&#8221;37&#8243;][\/vc_column_inner][vc_column_inner width=&#8221;1\/2&#8243; css=&#8221;.vc_custom_1568799485104{padding-left: 26px !important;}&#8221;][cms_space space_lg=&#8221;7&#8243; space_md=&#8221;7&#8243; space_sm=&#8221;32&#8243; space_xs=&#8221;32&#8243;][cms_image_double cms_template=&#8221;cms_image_double&#8211;layout2.php&#8221; single1_image=&#8221;4225&#8243; single2_image=&#8221;4226&#8243;][\/vc_column_inner][\/vc_row_inner][cms_space space_lg=&#8221;110&#8243; space_md=&#8221;110&#8243; space_sm=&#8221;80&#8243; space_xs=&#8221;60&#8243;][\/vc_column][\/vc_row][vc_row full_width=&#8221;stretch_row_content_no_spaces&#8221;][vc_column width=&#8221;1\/2&#8243; offset=&#8221;vc_col-lg-3 vc_col-md-6&#8243;][cms_fancybox feature_image=&#8221;895&#8243; img_size=&#8221;735&#215;735&#8243; button_link=&#8221;url:https%3A%2F%2Fdemo.farost.net%2Fsenotina%2Fspa%2F|title:Spa||&#8221; cms_template=&#8221;cms_fancybox&#8211;layout7.php&#8221; animation=&#8221;none&#8221; title=&#8221;Health Spa&#8221; fcb_description=&#8221;Lorem ipsum dolor sit amet&#8221; el_title=&#8221;Health Spa&#8221;][\/vc_column][vc_column width=&#8221;1\/2&#8243; offset=&#8221;vc_col-lg-3 vc_col-md-6&#8243;][cms_fancybox feature_image=&#8221;4235&#8243; img_size=&#8221;735&#215;735&#8243; button_link=&#8221;url:https%3A%2F%2Fdemo.farost.net%2Fsenotina%2Fspa%2F|title:Spa||&#8221; cms_template=&#8221;cms_fancybox&#8211;layout7.php&#8221; animation=&#8221;none&#8221; title=&#8221;Health Spa&#8221; fcb_description=&#8221;Lorem ipsum dolor sit amet&#8221; el_title=&#8221;Salle de sport&#8221;][\/vc_column][vc_column width=&#8221;1\/2&#8243; offset=&#8221;vc_col-lg-3 vc_col-md-6&#8243;][cms_fancybox feature_image=&#8221;4236&#8243; img_size=&#8221;735&#215;735&#8243; button_link=&#8221;url:https%3A%2F%2Fdemo.farost.net%2Fsenotina%2Fspa%2F|title:Spa||&#8221; cms_template=&#8221;cms_fancybox&#8211;layout7.php&#8221; animation=&#8221;none&#8221; title=&#8221;Health Spa&#8221; fcb_description=&#8221;Lorem ipsum dolor sit amet&#8221; el_title=&#8221;Restaurant&#8221;][\/vc_column][vc_column width=&#8221;1\/2&#8243; offset=&#8221;vc_col-lg-3 vc_col-md-6&#8243;][cms_fancybox feature_image=&#8221;2091&#8243; img_size=&#8221;735&#215;735&#8243; button_link=&#8221;url:https%3A%2F%2Fdemo.farost.net%2Fsenotina%2Fspa%2F|title:Spa||&#8221; cms_template=&#8221;cms_fancybox&#8211;layout7.php&#8221; animation=&#8221;none&#8221; title=&#8221;Health Spa&#8221; fcb_description=&#8221;Lorem ipsum dolor sit amet&#8221; el_title=&#8221;Bar Club&#8221;][\/vc_column][\/vc_row][vc_row full_width=&#8221;stretch_row&#8221; css=&#8221;.vc_custom_1565258729636{background-color: #ffffff !important;}&#8221;][vc_column css=&#8221;.vc_custom_1565258629492{padding-top: 0px !important;}&#8221;][cms_space space_lg=&#8221;110&#8243; space_md=&#8221;110&#8243; space_sm=&#8221;80&#8243; space_xs=&#8221;60&#8243;][vc_row_inner][vc_column_inner width=&#8221;1\/3&#8243; cms_column_inner_class=&#8221;rm-padding-columinner-lg&#8221; css=&#8221;.vc_custom_1568800338253{padding-right: 27px !important;padding-left: 27px !important;}&#8221;][cms_fancybox letter_spacing=&#8221;0.03em&#8221; title_mg_button=&#8221;21&#8243; icon_type=&#8221;image&#8221; icon_image=&#8221;618&#8243; cms_template=&#8221;cms_fancybox&#8211;layout2.php&#8221; title=&#8221;Free Breakfast Every Day&#8221; description=&#8221;Lorem ipsum dolor sit amet, consectetur adipiscing elit. Integer vel accumsan arcu, ac ultrices mauris. Proin eget consequat neque.&#8221; fcb_description=&#8221;Lorem ipsum dolor sit amet, consectetur adipiscing elit. Integer vel accumsan arcu, ac ultrices mauris. Proin eget consequat neque.&#8221; el_title=&#8221;Free Breakfast Every Day&#8221;][\/vc_column_inner][vc_column_inner width=&#8221;1\/3&#8243; cms_column_inner_class=&#8221;rm-padding-columinner-lg&#8221; css=&#8221;.vc_custom_1568800356184{padding-right: 27px !important;padding-left: 27px !important;}&#8221;][cms_fancybox letter_spacing=&#8221;0.03em&#8221; title_mg_button=&#8221;21&#8243; icon_type=&#8221;image&#8221; icon_image=&#8221;619&#8243; cms_template=&#8221;cms_fancybox&#8211;layout2.php&#8221; title=&#8221;Attentive And Open Staff&#8221; description=&#8221;Lorem ipsum dolor sit amet, consectetur adipiscing elit. Integer vel accumsan arcu, ac ultrices mauris. Proin eget consequat neque.&#8221; fcb_description=&#8221;Lorem ipsum dolor sit amet, consectetur adipiscing elit. Integer vel accumsan arcu, ac ultrices mauris. Proin eget consequat neque.&#8221; el_title=&#8221;Attentive And Open Staff&#8221;][\/vc_column_inner][vc_column_inner width=&#8221;1\/3&#8243; cms_column_inner_class=&#8221;rm-padding-columinner-lg&#8221; css=&#8221;.vc_custom_1568800350558{padding-right: 27px !important;padding-left: 27px !important;}&#8221;][cms_fancybox letter_spacing=&#8221;0.03em&#8221; title_mg_button=&#8221;21&#8243; icon_type=&#8221;image&#8221; icon_image=&#8221;620&#8243; job_color=&#8221;&#8221; cms_template=&#8221;cms_fancybox&#8211;layout2.php&#8221; title=&#8221;Luxurious And Comfortable Room&#8221; description=&#8221;Lorem ipsum dolor sit amet, consectetur adipiscing elit. Integer vel accumsan arcu, ac ultrices mauris. Proin eget consequat neque.&#8221; job_title=&#8221;&#8221; job_font_size=&#8221;&#8221; fcb_description=&#8221;Lorem ipsum dolor sit amet, consectetur adipiscing elit. Integer vel accumsan arcu, ac ultrices mauris. Proin eget consequat neque.&#8221; el_title=&#8221;Luxurious And Comfortable Room&#8221;][\/vc_column_inner][\/vc_row_inner][cms_space space_lg=&#8221;100&#8243; space_md=&#8221;100&#8243; space_sm=&#8221;80&#8243; space_xs=&#8221;60&#8243;][\/vc_column][\/vc_row][vc_row full_width=&#8221;stretch_row&#8221; css=&#8221;.vc_custom_1568284358302{background-color: #f8f8f8 !important;}&#8221;][vc_column css=&#8221;.vc_custom_1568284369975{padding-top: 0px !important;}&#8221;][cms_space space_lg=&#8221;100&#8243; space_md=&#8221;100&#8243; space_sm=&#8221;65&#8243; space_xs=&#8221;65&#8243;][cms_testimonial_carousel cms_template=&#8221;cms_testimonial_carousel&#8211;layout3.php&#8221; el_title=&#8221;2000 Happy Clients&#8221; letter_spacing=&#8221;0.03em&#8221; button_text=&#8221;More review&#8221; button_link=&#8221;url:https%3A%2F%2Fdemo.farost.net%2Fsenotina%2F%3Fpage_id%3D153|title:Testimonials||&#8221; bg_content_color=&#8221;#ffffff&#8221; custom_source=&#8221;true&#8221; limit=&#8221;3&#8243; col_xs=&#8221;1&#8243; col_sm=&#8221;2&#8243; col_md=&#8221;3&#8243; col_lg=&#8221;3&#8243; loop=&#8221;true&#8221; post_ids=&#8221;2886, 2887, 2888&#8243;][cms_space space_lg=&#8221;110&#8243; space_md=&#8221;110&#8243; space_sm=&#8221;65&#8243; space_xs=&#8221;65&#8243;][\/vc_column][\/vc_row][vc_row full_width=&#8221;stretch_row_content_no_spaces&#8221; equal_height=&#8221;yes&#8221;][vc_column parallax=&#8221;content-moving&#8221; parallax_image=&#8221;1039&#8243; parallax_speed_bg=&#8221;1&#8243; css_animation=&#8221;left-to-right&#8221; width=&#8221;1\/2&#8243; css=&#8221;.vc_custom_1565861081962{padding-top: 0px !important;}&#8221;][cms_space space_lg=&#8221;530&#8243; space_md=&#8221;530&#8243; space_sm=&#8221;530&#8243; space_xs=&#8221;500&#8243;][\/vc_column][vc_column width=&#8221;1\/2&#8243; cms_column_class=&#8221;rm-padding-md&#8221; css=&#8221;.vc_custom_1565946163194{padding-right: 130px !important;padding-left: 100px !important;background-color: #222222 !important;}&#8221;][cms_space space_lg=&#8221;187&#8243; space_md=&#8221;187&#8243; space_sm=&#8221;100&#8243; space_xs=&#8221;80&#8243;][cms_heading text=&#8221;Indulge in Luxury&#8221; text_color=&#8221;#ffffff&#8221; description=&#8221;Experience more about New York City, including award-winning entertainment and entertainment areas. Relax and enjoy the long-term savings at Senotina Hotel, New York city. Lorem ipsum dolor sit amet.&#8221; description_font_size=&#8221;17&#8243; description_color=&#8221;#ffffff&#8221; cms_template=&#8221;cms_heading&#8211;layout3.php&#8221; margin_bottom=&#8221;28&#8243;][cms_space space_lg=&#8221;120&#8243; space_md=&#8221;120&#8243; space_sm=&#8221;100&#8243; space_xs=&#8221;80&#8243;][\/vc_column][\/vc_row][vc_row full_width=&#8221;stretch_row_content_no_spaces&#8221; equal_height=&#8221;yes&#8221; css=&#8221;.vc_custom_1565952011506{margin-top: -1px !important;}&#8221;][vc_column width=&#8221;1\/2&#8243; cms_column_class=&#8221;rm-padding-md&#8221; css=&#8221;.vc_custom_1565946178896{padding-top: 0px !important;padding-right: 120px !important;padding-left: 100px !important;background-color: #222222 !important;}&#8221;][cms_space space_lg=&#8221;187&#8243; space_md=&#8221;187&#8243; space_sm=&#8221;100&#8243; space_xs=&#8221;80&#8243;][cms_heading text=&#8221;World-class Amenities&#8221; letter_spacing=&#8221;0.03em&#8221; text_color=&#8221;#ffffff&#8221; description=&#8221;Senotina hotel with luxurious 5-star space, has all kinds of services you need. Lorem ipsum dolor sit amet. Lorem ipsum dolor sit amet, consectetur adipisicing elit. Iste commodi reiciendis fugit qui quia ut, non omnis dignissimos minima.&#8221; description_font_size=&#8221;17&#8243; description_color=&#8221;#ffffff&#8221; description_line_height=&#8221;26&#8243; cms_template=&#8221;cms_heading&#8211;layout3.php&#8221;][cms_space space_lg=&#8221;120&#8243; space_md=&#8221;120&#8243; space_sm=&#8221;100&#8243; space_xs=&#8221;80&#8243;][\/vc_column][vc_column parallax=&#8221;content-moving&#8221; parallax_image=&#8221;1040&#8243; parallax_speed_bg=&#8221;1&#8243; css_animation=&#8221;right-to-left&#8221; width=&#8221;1\/2&#8243;][cms_space space_lg=&#8221;530&#8243; space_md=&#8221;530&#8243; space_sm=&#8221;530&#8243; space_xs=&#8221;500&#8243;][\/vc_column][\/vc_row][vc_row full_width=&#8221;stretch_row&#8221; cms_row_class=&#8221;row-visible&#8221; css=&#8221;.vc_custom_1568858649161{background-color: #ffffff !important;}&#8221;][vc_column css=&#8221;.vc_custom_1568858660925{padding-top: 0px !important;}&#8221;][cms_space space_lg=&#8221;70&#8243; space_md=&#8221;70&#8243; space_sm=&#8221;50&#8243; space_xs=&#8221;50&#8243;][cms_client_carousel client_items=&#8221;%5B%7B%22client_image%22%3A%223704%22%2C%22client_link%22%3A%22url%3A%2523%7C%7C%7C%22%7D%2C%7B%22client_image%22%3A%223703%22%2C%22client_link%22%3A%22url%3A%2523%7C%7C%7C%22%7D%2C%7B%22client_image%22%3A%223702%22%2C%22client_link%22%3A%22url%3A%2523%7C%7C%7C%22%7D%2C%7B%22client_image%22%3A%223701%22%2C%22client_link%22%3A%22url%3A%2523%7C%7C%7C%22%7D%5D&#8221; col_xs=&#8221;1&#8243; col_sm=&#8221;3&#8243; col_md=&#8221;4&#8243; col_lg=&#8221;6&#8243; loop=&#8221;true&#8221; cms_template=&#8221;cms_client_carousel.php&#8221;][cms_space space_lg=&#8221;55&#8243; space_md=&#8221;55&#8243; space_sm=&#8221;50&#8243; space_xs=&#8221;50&#8243;][\/vc_column][\/vc_row]<\/p>\n","protected":false},"excerpt":{"rendered":"<p>[vc_row full_width=&#8221;stretch_row&#8221; parallax=&#8221;content-moving&#8221; parallax_image=&#8221;1000&#8243; parallax_speed_bg=&#8221;1.1&#8243;][vc_column css=&#8221;.vc_custom_1565852493842{padding-top: 0px !important;}&#8221;][cms_space space_lg=&#8221;102&#8243; space_md=&#8221;102&#8243; space_sm=&#8221;80&#8243; space_xs=&#8221;60&#8243;][vc_row_inner][vc_column_inner width=&#8221;1\/2&#8243; cms_column_inner_class=&#8221;rm-padding-lg&#8221; css=&#8221;.vc_custom_1565853714253{padding-right: 30px !important;}&#8221;][cms_heading text=&#8221;Le luxe \u00e0 l\u2019africaine au c\u0153ur de Kinshasa&#8221; letter_spacing=&#8221;0.03em&#8221; sub_font_size=&#8221;15&#8243; sub_color=&#8221;#777777&#8243; sub_line_height=&#8221;26&#8243; description=&#8221;Gr\u00e2ce \u00e0 243 Congo Entreprise via sa filiale T&#038;T, qui met \u00e0 votre service La 13\u00e8me. Un h\u00f4tel \u00e0 boutique de 4 niveaux et 29 chambres [&hellip;]<\/p>\n","protected":false},"author":1,"featured_media":3343,"parent":0,"menu_order":0,"comment_status":"closed","ping_status":"closed","template":"","meta":{"om_disable_all_campaigns":false,"_mi_skip_tracking":false,"footnotes":""},"class_list":["post-42","page","type-page","status-publish","has-post-thumbnail","hentry"],"aioseo_notices":[],"_links":{"self":[{"href":"https:\/\/latreizieme.com\/index.php?rest_route=\/wp\/v2\/pages\/42","targetHints":{"allow":["GET"]}}],"collection":[{"href":"https:\/\/latreizieme.com\/index.php?rest_route=\/wp\/v2\/pages"}],"about":[{"href":"https:\/\/latreizieme.com\/index.php?rest_route=\/wp\/v2\/types\/page"}],"author":[{"embeddable":true,"href":"https:\/\/latreizieme.com\/index.php?rest_route=\/wp\/v2\/users\/1"}],"replies":[{"embeddable":true,"href":"https:\/\/latreizieme.com\/index.php?rest_route=%2Fwp%2Fv2%2Fcomments&post=42"}],"version-history":[{"count":3,"href":"https:\/\/latreizieme.com\/index.php?rest_route=\/wp\/v2\/pages\/42\/revisions"}],"predecessor-version":[{"id":4237,"href":"https:\/\/latreizieme.com\/index.php?rest_route=\/wp\/v2\/pages\/42\/revisions\/4237"}],"wp:featuredmedia":[{"embeddable":true,"href":"https:\/\/latreizieme.com\/index.php?rest_route=\/wp\/v2\/media\/3343"}],"wp:attachment":[{"href":"https:\/\/latreizieme.com\/index.php?rest_route=%2Fwp%2Fv2%2Fmedia&parent=42"}],"curies":[{"name":"wp","href":"https:\/\/api.w.org\/{rel}","templated":true}]}}